{"id":1095,"date":"2022-06-14T13:47:40","date_gmt":"2022-06-14T13:47:40","guid":{"rendered":"https:\/\/mmegsgroup.com\/quienes-somos\/"},"modified":"2024-02-01T11:44:44","modified_gmt":"2024-02-01T11:44:44","slug":"qui-som","status":"publish","type":"page","link":"https:\/\/mmegsgroup.com\/ca\/qui-som\/","title":{"rendered":"Qui Som"},"content":{"rendered":"<div id='full_slider_1'  class='avia-fullwidth-slider main_color avia-shadow   avia-builder-el-0  el_before_av_section  avia-builder-el-first   container_wrap fullsize'  ><div  class='avia-slideshow av-lktgmtah-7cda094fff2f410cdc2e689ee8f07fa1 avia-slideshow-no scaling av_slideshow_full avia-slide-slider av-slideshow-ui av-control-default av-slideshow-manual av-loop-once av-loop-manual-endless av-default-height-applied   avia-slideshow-1' data-slideshow-options=\"{&quot;animation&quot;:&quot;slide&quot;,&quot;autoplay&quot;:false,&quot;loop_autoplay&quot;:&quot;once&quot;,&quot;interval&quot;:5,&quot;loop_manual&quot;:&quot;manual-endless&quot;,&quot;autoplay_stopper&quot;:false,&quot;noNavigation&quot;:false,&quot;bg_slider&quot;:false,&quot;keep_padding&quot;:false,&quot;hoverpause&quot;:false,&quot;show_slide_delay&quot;:0}\"  itemprop=\"image\" itemscope=\"itemscope\" itemtype=\"https:\/\/schema.org\/ImageObject\" ><ul class='avia-slideshow-inner ' style='padding-bottom: 20%;'><li  class='avia-slideshow-slide av-lktgmtah-7cda094fff2f410cdc2e689ee8f07fa1__0  av-single-slide slide-1 slide-odd'><div data-rel='slideshow-1' class='avia-slide-wrap '   ><img decoding=\"async\" fetchpriority=\"high\" class=\"wp-image-563 avia-img-lazy-loading-not-563\"  src=\"https:\/\/mmegsgroup.com\/wp-content\/uploads\/2023\/08\/SliderQuienesSomos-MMEGS.png\" width=\"1500\" height=\"300\" title='' alt=''  itemprop=\"thumbnailUrl\" srcset=\"https:\/\/mmegsgroup.com\/wp-content\/uploads\/2023\/08\/SliderQuienesSomos-MMEGS.png 1500w, https:\/\/mmegsgroup.com\/wp-content\/uploads\/2023\/08\/SliderQuienesSomos-MMEGS-300x60.png 300w, https:\/\/mmegsgroup.com\/wp-content\/uploads\/2023\/08\/SliderQuienesSomos-MMEGS-1030x206.png 1030w, https:\/\/mmegsgroup.com\/wp-content\/uploads\/2023\/08\/SliderQuienesSomos-MMEGS-768x154.png 768w, https:\/\/mmegsgroup.com\/wp-content\/uploads\/2023\/08\/SliderQuienesSomos-MMEGS-705x141.png 705w\" sizes=\"(max-width: 1500px) 100vw, 1500px\" \/><\/div><\/li><\/ul><\/div><\/div>\n<div id='av_section_1'  class='avia-section av-lktl7c9c-fa66ca1bd68b4f503702051f537645d1 main_color avia-section-small avia-no-border-styling  avia-builder-el-1  el_after_av_slideshow_full  el_before_av_layout_row  avia-bg-style-scroll container_wrap fullsize'  ><div class='container av-section-cont-open' ><div class='template-page content  av-content-full alpha units'><div class='post-entry post-entry-type-page post-entry-1095'><div class='entry-content-wrapper clearfix'>\n<div  class='flex_column av-7ui7-15472c3fa069f05bc300e9f73b72b1c8 av_one_full  avia-builder-el-2  avia-builder-el-no-sibling  first flex_column_div  '     ><p>\n<style type=\"text\/css\" data-created_by=\"avia_inline_auto\" id=\"style-css-av-lrud67nc-778e325665427c0de86a3daa771ff074\">\n#top .hr.hr-invisible.av-lrud67nc-778e325665427c0de86a3daa771ff074{\nheight:30px;\n}\n<\/style>\n<div  class='hr av-lrud67nc-778e325665427c0de86a3daa771ff074 hr-invisible  avia-builder-el-3  el_before_av_textblock  avia-builder-el-first '><span class='hr-inner '><span class=\"hr-inner-style\"><\/span><\/span><\/div><br \/>\n\n<style type=\"text\/css\" data-created_by=\"avia_inline_auto\" id=\"style-css-av-lktl87az-64654fb6d512c2558a391bad1817ea0a\">\n#top .av_textblock_section.av-lktl87az-64654fb6d512c2558a391bad1817ea0a .avia_textblock{\ncolor:#1a71ba;\n}\n<\/style>\n<section  class='av_textblock_section av-lktl87az-64654fb6d512c2558a391bad1817ea0a '   itemscope=\"itemscope\" itemtype=\"https:\/\/schema.org\/CreativeWork\" ><div class='avia_textblock av_inherit_color'  itemprop=\"text\" ><h1 style=\"text-align: center;\">PROVE\u00cfDOR DE SOLUCIONS<\/h1>\n<\/div><\/section><br \/>\n\n<style type=\"text\/css\" data-created_by=\"avia_inline_auto\" id=\"style-css-av-ygon-4226c7cef3420948d8feb8f8f4849557\">\n#top .hr.hr-invisible.av-ygon-4226c7cef3420948d8feb8f8f4849557{\nheight:30px;\n}\n<\/style>\n<div  class='hr av-ygon-4226c7cef3420948d8feb8f8f4849557 hr-invisible  avia-builder-el-5  el_after_av_textblock  avia-builder-el-last '><span class='hr-inner '><span class=\"hr-inner-style\"><\/span><\/span><\/div><\/p><\/div><\/div><\/div><\/div><!-- close content main div --><\/div><\/div><div id='av-layout-grid-1'  class='av-layout-grid-container av-2hp3z-c9785cf9c4dc07206537056024b0d242 entry-content-wrapper main_color av-border-top-bottom av-flex-cells  avia-builder-el-6  el_after_av_section  el_before_av_layout_row  grid-row-not-first  container_wrap fullsize'  >\n\n<style type=\"text\/css\" data-created_by=\"avia_inline_auto\" id=\"style-css-av-lrt3p13n-7c8df66c1a7d1b07a458b7fd7ba5ed98\">\n.flex_cell.av-lrt3p13n-7c8df66c1a7d1b07a458b7fd7ba5ed98{\nvertical-align:middle;\n}\n.responsive #top #wrap_all .flex_cell.av-lrt3p13n-7c8df66c1a7d1b07a458b7fd7ba5ed98{\npadding:50px 90px 50px 90px !important;\n}\n<\/style>\n<div class='flex_cell av-lrt3p13n-7c8df66c1a7d1b07a458b7fd7ba5ed98 av-gridrow-cell av_one_half no_margin  avia-builder-el-7  el_before_av_cell_one_half  avia-builder-el-first  content-align-middle'  ><div class='flex_cell_inner'><div  class='flex_column av-8a8v-d3081db42f02bfbe9a768a3acf98c8bf av_one_full  avia-builder-el-8  avia-builder-el-no-sibling  first flex_column_div  '     ><section  class='av_textblock_section av-1g7nf-b961e9c2c3fb99d535401932078f8f29 '   itemscope=\"itemscope\" itemtype=\"https:\/\/schema.org\/CreativeWork\" ><div class='avia_textblock'  itemprop=\"text\" ><h3>Qui som<\/h3>\n<p>Grup d&#8217;empreses especialitzades en la venda de productes i aplicacions per a l&#8217;automatitzaci\u00f3, la producci\u00f3 i el manteniment en l&#8217;\u00e0mbit industrial <strong>(OEM\u00a0i\u00a0MRO)<\/strong><\/p>\n<\/div><\/section><\/div>\n<\/div><\/div>\n<style type=\"text\/css\" data-created_by=\"avia_inline_auto\" id=\"style-css-av-lrt3l45g-bfb26c905dcd4f7c7560f4ea21a77a62\">\n.flex_cell.av-lrt3l45g-bfb26c905dcd4f7c7560f4ea21a77a62{\nvertical-align:middle;\nbackground-color:#efefef;\n}\n.responsive #top #wrap_all .flex_cell.av-lrt3l45g-bfb26c905dcd4f7c7560f4ea21a77a62{\npadding:50px 90px 50px 90px !important;\n}\n<\/style>\n<div class='flex_cell av-lrt3l45g-bfb26c905dcd4f7c7560f4ea21a77a62 av-gridrow-cell av_one_half no_margin  avia-builder-el-10  el_after_av_cell_one_half  avia-builder-el-last  content-align-middle'  ><div class='flex_cell_inner'><div  class='flex_column av-y3n7-85f3e74e917c48079a363539a3ac30c6 av_one_full  avia-builder-el-11  avia-builder-el-no-sibling  first flex_column_div  '     ><section  class='av_textblock_section av-lrt3r18z-5b82703f09ca90bce1bf7ddc2983faef '   itemscope=\"itemscope\" itemtype=\"https:\/\/schema.org\/CreativeWork\" ><div class='avia_textblock'  itemprop=\"text\" ><h3>\u00c0mplia gamma i disponibilitat<\/h3>\n<p>M\u00e9s de 50.000 articles en estoc i una \u00e0mplia gamma de productes, incloent-hi rodaments, transmissi\u00f3 de pot\u00e8ncia mec\u00e0nica, elements i sistemes pneum\u00e0tics, sistemes electr\u00f2nics de detecci\u00f3 i identificaci\u00f3, controladors i accionaments electr\u00f2nics, alumini estructural, cintes transportadores, eines, consumibles i elements normalitzats.<\/p>\n<\/div><\/section><\/div>\n<\/div><\/div><\/div><div id='av-layout-grid-2'  class='av-layout-grid-container av-354eb-f5f7ee39a067004b3c78af57b25c1fdb entry-content-wrapper main_color av-flex-cells  avia-builder-el-13  el_after_av_layout_row  avia-builder-el-last  grid-row-not-first  container_wrap fullsize'  >\n\n<style type=\"text\/css\" data-created_by=\"avia_inline_auto\" id=\"style-css-av-lrucwfxb-90bf9ffce670a8175153ff54e7d1e8b4\">\n.flex_cell.av-lrucwfxb-90bf9ffce670a8175153ff54e7d1e8b4{\nvertical-align:top;\nbackground-color:#1a71ba;\n}\n<\/style>\n<div class='flex_cell av-lrucwfxb-90bf9ffce670a8175153ff54e7d1e8b4 av-gridrow-cell av_one_fifth no_margin  avia-builder-el-14  el_before_av_cell_one_fifth  avia-builder-el-first  content-align-top'  ><div class='flex_cell_inner'><\/div><\/div>\n<style type=\"text\/css\" data-created_by=\"avia_inline_auto\" id=\"style-css-av-2y50b-043d1fdc8b6e9d778dbacebdfd9fe8b4\">\n.flex_cell.av-2y50b-043d1fdc8b6e9d778dbacebdfd9fe8b4{\nvertical-align:top;\nbackground-color:#1a71ba;\n}\n<\/style>\n<div class='flex_cell av-2y50b-043d1fdc8b6e9d778dbacebdfd9fe8b4 av-gridrow-cell av_one_fifth no_margin  avia-builder-el-15  el_after_av_cell_one_fifth  el_before_av_cell_one_fifth  content-align-top'  ><div class='flex_cell_inner'><div  class='flex_column av-591cf-9040c79e964cbb03cc8a241f6fe7e206 av_one_full  avia-builder-el-16  avia-builder-el-no-sibling  first flex_column_div  '     ><p>\n<style type=\"text\/css\" data-created_by=\"avia_inline_auto\" id=\"style-css-av-lktogkqb-0fdbc44827ece289e96725ace7748780\">\n.avia-image-container.av-lktogkqb-0fdbc44827ece289e96725ace7748780 img.avia_image{\nbox-shadow:none;\n}\n.avia-image-container.av-lktogkqb-0fdbc44827ece289e96725ace7748780 .av-image-caption-overlay-center{\ncolor:#ffffff;\n}\n<\/style>\n<div  class='avia-image-container av-lktogkqb-0fdbc44827ece289e96725ace7748780 av-styling- avia-align-center  avia-builder-el-17  el_before_av_hr  avia-builder-el-first '   itemprop=\"image\" itemscope=\"itemscope\" itemtype=\"https:\/\/schema.org\/ImageObject\" ><div class=\"avia-image-container-inner\"><div class=\"avia-image-overlay-wrap\"><img decoding=\"async\" fetchpriority=\"high\" class='wp-image-1065 avia-img-lazy-loading-not-1065 avia_image ' src=\"https:\/\/mmegsgroup.com\/wp-content\/uploads\/2024\/01\/Picto-40-QuienesSomos-MMEGS-1.png\" alt='' title=''  height=\"120\" width=\"120\"  itemprop=\"thumbnailUrl\" srcset=\"https:\/\/mmegsgroup.com\/wp-content\/uploads\/2024\/01\/Picto-40-QuienesSomos-MMEGS-1.png 120w, https:\/\/mmegsgroup.com\/wp-content\/uploads\/2024\/01\/Picto-40-QuienesSomos-MMEGS-1-80x80.png 80w, https:\/\/mmegsgroup.com\/wp-content\/uploads\/2024\/01\/Picto-40-QuienesSomos-MMEGS-1-36x36.png 36w\" sizes=\"(max-width: 120px) 100vw, 120px\" \/><\/div><\/div><\/div><br \/>\n\n<style type=\"text\/css\" data-created_by=\"avia_inline_auto\" id=\"style-css-av-4g2d7-36f614074832b5ca48d45ceef7bc243e\">\n#top .hr.hr-invisible.av-4g2d7-36f614074832b5ca48d45ceef7bc243e{\nheight:15px;\n}\n<\/style>\n<div  class='hr av-4g2d7-36f614074832b5ca48d45ceef7bc243e hr-invisible  avia-builder-el-18  el_after_av_image  el_before_av_textblock '><span class='hr-inner '><span class=\"hr-inner-style\"><\/span><\/span><\/div><br \/>\n\n<style type=\"text\/css\" data-created_by=\"avia_inline_auto\" id=\"style-css-av-3utbj-bb03d3a0b541aac1ef189c5b0580d4b7\">\n#top .av_textblock_section.av-3utbj-bb03d3a0b541aac1ef189c5b0580d4b7 .avia_textblock{\ncolor:#ffffff;\n}\n<\/style>\n<section  class='av_textblock_section av-3utbj-bb03d3a0b541aac1ef189c5b0580d4b7 '   itemscope=\"itemscope\" itemtype=\"https:\/\/schema.org\/CreativeWork\" ><div class='avia_textblock av_inherit_color'  itemprop=\"text\" ><h4 style=\"text-align: center;\">EXPERI\u00c8NCIA<\/h4>\n<p style=\"text-align: center;\">M\u00e9s de 40 anys d&#8217;hist\u00f2ria al servei de les empreses i els professionals.<\/p>\n<\/div><\/section><\/p><\/div>\n<\/div><\/div>\n<style type=\"text\/css\" data-created_by=\"avia_inline_auto\" id=\"style-css-av-29jlb-da2dc110e0ee6f11d725ce99f20e0d83\">\n.flex_cell.av-29jlb-da2dc110e0ee6f11d725ce99f20e0d83{\nvertical-align:top;\nbackground-color:#1a71ba;\n}\n<\/style>\n<div class='flex_cell av-29jlb-da2dc110e0ee6f11d725ce99f20e0d83 av-gridrow-cell av_one_fifth no_margin  avia-builder-el-20  el_after_av_cell_one_fifth  el_before_av_cell_one_fifth  content-align-top'  ><div class='flex_cell_inner'><div  class='flex_column av-37sm7-965eb8c217d570d3d54a69a43ec22176 av_one_full  avia-builder-el-21  avia-builder-el-no-sibling  first flex_column_div  '     ><p>\n<style type=\"text\/css\" data-created_by=\"avia_inline_auto\" id=\"style-css-av-lkto3com-af2819d2ca41b296081ff1daa0f09577\">\n.avia-image-container.av-lkto3com-af2819d2ca41b296081ff1daa0f09577 img.avia_image{\nbox-shadow:none;\n}\n.avia-image-container.av-lkto3com-af2819d2ca41b296081ff1daa0f09577 .av-image-caption-overlay-center{\ncolor:#ffffff;\n}\n<\/style>\n<div  class='avia-image-container av-lkto3com-af2819d2ca41b296081ff1daa0f09577 av-styling- avia-align-center  avia-builder-el-22  el_before_av_hr  avia-builder-el-first '   itemprop=\"image\" itemscope=\"itemscope\" itemtype=\"https:\/\/schema.org\/ImageObject\" ><div class=\"avia-image-container-inner\"><div class=\"avia-image-overlay-wrap\"><img decoding=\"async\" fetchpriority=\"high\" class='wp-image-580 avia-img-lazy-loading-not-580 avia_image ' src=\"https:\/\/mmegsgroup.com\/wp-content\/uploads\/2023\/08\/Picto-4-QuienesSomos-MMEGS-2.png\" alt='' title=''  height=\"120\" width=\"120\"  itemprop=\"thumbnailUrl\" srcset=\"https:\/\/mmegsgroup.com\/wp-content\/uploads\/2023\/08\/Picto-4-QuienesSomos-MMEGS-2.png 120w, https:\/\/mmegsgroup.com\/wp-content\/uploads\/2023\/08\/Picto-4-QuienesSomos-MMEGS-2-80x80.png 80w, https:\/\/mmegsgroup.com\/wp-content\/uploads\/2023\/08\/Picto-4-QuienesSomos-MMEGS-2-36x36.png 36w\" sizes=\"(max-width: 120px) 100vw, 120px\" \/><\/div><\/div><\/div><br \/>\n\n<style type=\"text\/css\" data-created_by=\"avia_inline_auto\" id=\"style-css-av-2y6xr-ba54af9022d0d58298a2f36452215d49\">\n#top .hr.hr-invisible.av-2y6xr-ba54af9022d0d58298a2f36452215d49{\nheight:15px;\n}\n<\/style>\n<div  class='hr av-2y6xr-ba54af9022d0d58298a2f36452215d49 hr-invisible  avia-builder-el-23  el_after_av_image  el_before_av_textblock '><span class='hr-inner '><span class=\"hr-inner-style\"><\/span><\/span><\/div><br \/>\n\n<style type=\"text\/css\" data-created_by=\"avia_inline_auto\" id=\"style-css-av-lktoje2c-90be77d945e7d0b8c7e73eb477a40f24\">\n#top .av_textblock_section.av-lktoje2c-90be77d945e7d0b8c7e73eb477a40f24 .avia_textblock{\ncolor:#ffffff;\n}\n<\/style>\n<section  class='av_textblock_section av-lktoje2c-90be77d945e7d0b8c7e73eb477a40f24 '   itemscope=\"itemscope\" itemtype=\"https:\/\/schema.org\/CreativeWork\" ><div class='avia_textblock av_inherit_color'  itemprop=\"text\" ><h4 style=\"text-align: center;\">QUALITAT<\/h4>\n<p style=\"text-align: center;\">Treballem conjuntament amb els principals fabricants de cada sector, assegurant la fiabilitat de productes, aplicacions i solucions que oferim als nostres clients.<\/p>\n<\/div><\/section><\/p><\/div>\n<\/div><\/div>\n<style type=\"text\/css\" data-created_by=\"avia_inline_auto\" id=\"style-css-av-1kchr-98c63fdddc6526851e0379db1ba2ddec\">\n.flex_cell.av-1kchr-98c63fdddc6526851e0379db1ba2ddec{\nvertical-align:top;\nbackground-color:#1a71ba;\n}\n<\/style>\n<div class='flex_cell av-1kchr-98c63fdddc6526851e0379db1ba2ddec av-gridrow-cell av_one_fifth no_margin  avia-builder-el-25  el_after_av_cell_one_fifth  el_before_av_cell_one_fifth  content-align-top'  ><div class='flex_cell_inner'><div  class='flex_column av-8evj-ec2fc463b6a4e68afa2986752047dd01 av_one_full  avia-builder-el-26  avia-builder-el-no-sibling  first flex_column_div  '     ><p>\n<style type=\"text\/css\" data-created_by=\"avia_inline_auto\" id=\"style-css-av-lktogqis-0d48103634154de00e69fb849b2cc53d\">\n.avia-image-container.av-lktogqis-0d48103634154de00e69fb849b2cc53d img.avia_image{\nbox-shadow:none;\n}\n.avia-image-container.av-lktogqis-0d48103634154de00e69fb849b2cc53d .av-image-caption-overlay-center{\ncolor:#ffffff;\n}\n<\/style>\n<div  class='avia-image-container av-lktogqis-0d48103634154de00e69fb849b2cc53d av-styling- avia-align-center  avia-builder-el-27  el_before_av_hr  avia-builder-el-first '   itemprop=\"image\" itemscope=\"itemscope\" itemtype=\"https:\/\/schema.org\/ImageObject\" ><div class=\"avia-image-container-inner\"><div class=\"avia-image-overlay-wrap\"><img decoding=\"async\" fetchpriority=\"high\" class='wp-image-584 avia-img-lazy-loading-not-584 avia_image ' src=\"https:\/\/mmegsgroup.com\/wp-content\/uploads\/2023\/08\/Picto-6-QuienesSomos-MMEGS.png\" alt='' title=''  height=\"120\" width=\"120\"  itemprop=\"thumbnailUrl\" srcset=\"https:\/\/mmegsgroup.com\/wp-content\/uploads\/2023\/08\/Picto-6-QuienesSomos-MMEGS.png 120w, https:\/\/mmegsgroup.com\/wp-content\/uploads\/2023\/08\/Picto-6-QuienesSomos-MMEGS-80x80.png 80w, https:\/\/mmegsgroup.com\/wp-content\/uploads\/2023\/08\/Picto-6-QuienesSomos-MMEGS-36x36.png 36w\" sizes=\"(max-width: 120px) 100vw, 120px\" \/><\/div><\/div><\/div><br \/>\n\n<style type=\"text\/css\" data-created_by=\"avia_inline_auto\" id=\"style-css-av-1pa6z-198a3281173374b28f3d27103dfbe50f\">\n#top .hr.hr-invisible.av-1pa6z-198a3281173374b28f3d27103dfbe50f{\nheight:15px;\n}\n<\/style>\n<div  class='hr av-1pa6z-198a3281173374b28f3d27103dfbe50f hr-invisible  avia-builder-el-28  el_after_av_image  el_before_av_textblock '><span class='hr-inner '><span class=\"hr-inner-style\"><\/span><\/span><\/div><br \/>\n\n<style type=\"text\/css\" data-created_by=\"avia_inline_auto\" id=\"style-css-av-lktok480-c8e4fe0a2f446ded4a2605863da88529\">\n#top .av_textblock_section.av-lktok480-c8e4fe0a2f446ded4a2605863da88529 .avia_textblock{\ncolor:#ffffff;\n}\n<\/style>\n<section  class='av_textblock_section av-lktok480-c8e4fe0a2f446ded4a2605863da88529 '   itemscope=\"itemscope\" itemtype=\"https:\/\/schema.org\/CreativeWork\" ><div class='avia_textblock av_inherit_color'  itemprop=\"text\" ><h4 style=\"text-align: center;\">COMPROM\u00cdS<\/h4>\n<p style=\"text-align: center;\">Treballem per a satisfer els requisits i necessitats del nostre\u00a0staff, dels nostres clients i dels nostres prove\u00efdors i mantenir aix\u00ed, l&#8217;estabilitat i l&#8217;efectivitat del nostre sistema de gesti\u00f3.<\/p>\n<\/div><\/section><\/p><\/div>\n<\/div><\/div>\n<style type=\"text\/css\" data-created_by=\"avia_inline_auto\" id=\"style-css-av-rp8r-1650c0dce5724df24f9c70e8802efae5\">\n.flex_cell.av-rp8r-1650c0dce5724df24f9c70e8802efae5{\nvertical-align:top;\nbackground-color:#1a71ba;\n}\n<\/style>\n<div class='flex_cell av-rp8r-1650c0dce5724df24f9c70e8802efae5 av-gridrow-cell av_one_fifth no_margin  avia-builder-el-30  el_after_av_cell_one_fifth  avia-builder-el-last  content-align-top'  ><div class='flex_cell_inner'><\/div><\/div><\/div><\/p>\n","protected":false},"excerpt":{"rendered":"","protected":false},"author":2,"featured_media":0,"parent":0,"menu_order":0,"comment_status":"closed","ping_status":"closed","template":"","meta":{"footnotes":""},"class_list":["post-1095","page","type-page","status-publish","hentry"],"yoast_head":"<!-- This site is optimized with the Yoast SEO plugin v27.6 - https:\/\/yoast.com\/product\/yoast-seo-wordpress\/ -->\n<title>Qui Som - Mmegs Group<\/title>\n<meta name=\"robots\" content=\"index, follow, max-snippet:-1, max-image-preview:large, max-video-preview:-1\" \/>\n<link rel=\"canonical\" href=\"https:\/\/mmegsgroup.com\/ca\/qui-som\/\" \/>\n<meta property=\"og:locale\" content=\"ca_ES\" \/>\n<meta property=\"og:type\" content=\"article\" \/>\n<meta property=\"og:title\" content=\"Qui Som - Mmegs Group\" \/>\n<meta property=\"og:url\" content=\"https:\/\/mmegsgroup.com\/ca\/qui-som\/\" \/>\n<meta property=\"og:site_name\" content=\"Mmegs Group\" \/>\n<meta property=\"article:modified_time\" content=\"2024-02-01T11:44:44+00:00\" \/>\n<meta name=\"twitter:card\" content=\"summary_large_image\" \/>\n<meta name=\"twitter:label1\" content=\"Temps estimat de lectura\" \/>\n\t<meta name=\"twitter:data1\" content=\"2 minuts\" \/>\n<script type=\"application\/ld+json\" class=\"yoast-schema-graph\">{\"@context\":\"https:\\\/\\\/schema.org\",\"@graph\":[{\"@type\":\"WebPage\",\"@id\":\"https:\\\/\\\/mmegsgroup.com\\\/ca\\\/qui-som\\\/\",\"url\":\"https:\\\/\\\/mmegsgroup.com\\\/ca\\\/qui-som\\\/\",\"name\":\"Qui Som - Mmegs Group\",\"isPartOf\":{\"@id\":\"https:\\\/\\\/mmegsgroup.com\\\/ca\\\/#website\"},\"datePublished\":\"2022-06-14T13:47:40+00:00\",\"dateModified\":\"2024-02-01T11:44:44+00:00\",\"breadcrumb\":{\"@id\":\"https:\\\/\\\/mmegsgroup.com\\\/ca\\\/qui-som\\\/#breadcrumb\"},\"inLanguage\":\"ca\",\"potentialAction\":[{\"@type\":\"ReadAction\",\"target\":[\"https:\\\/\\\/mmegsgroup.com\\\/ca\\\/qui-som\\\/\"]}]},{\"@type\":\"BreadcrumbList\",\"@id\":\"https:\\\/\\\/mmegsgroup.com\\\/ca\\\/qui-som\\\/#breadcrumb\",\"itemListElement\":[{\"@type\":\"ListItem\",\"position\":1,\"name\":\"Portada\",\"item\":\"https:\\\/\\\/mmegsgroup.com\\\/ca\\\/home\\\/\"},{\"@type\":\"ListItem\",\"position\":2,\"name\":\"Qui Som\"}]},{\"@type\":\"WebSite\",\"@id\":\"https:\\\/\\\/mmegsgroup.com\\\/ca\\\/#website\",\"url\":\"https:\\\/\\\/mmegsgroup.com\\\/ca\\\/\",\"name\":\"Mmegs Group\",\"description\":\"Just another WordPress site\",\"potentialAction\":[{\"@type\":\"SearchAction\",\"target\":{\"@type\":\"EntryPoint\",\"urlTemplate\":\"https:\\\/\\\/mmegsgroup.com\\\/ca\\\/?s={search_term_string}\"},\"query-input\":{\"@type\":\"PropertyValueSpecification\",\"valueRequired\":true,\"valueName\":\"search_term_string\"}}],\"inLanguage\":\"ca\"}]}<\/script>\n<!-- \/ Yoast SEO plugin. -->","yoast_head_json":{"title":"Qui Som - Mmegs Group","robots":{"index":"index","follow":"follow","max-snippet":"max-snippet:-1","max-image-preview":"max-image-preview:large","max-video-preview":"max-video-preview:-1"},"canonical":"https:\/\/mmegsgroup.com\/ca\/qui-som\/","og_locale":"ca_ES","og_type":"article","og_title":"Qui Som - Mmegs Group","og_url":"https:\/\/mmegsgroup.com\/ca\/qui-som\/","og_site_name":"Mmegs Group","article_modified_time":"2024-02-01T11:44:44+00:00","twitter_card":"summary_large_image","twitter_misc":{"Temps estimat de lectura":"2 minuts"},"schema":{"@context":"https:\/\/schema.org","@graph":[{"@type":"WebPage","@id":"https:\/\/mmegsgroup.com\/ca\/qui-som\/","url":"https:\/\/mmegsgroup.com\/ca\/qui-som\/","name":"Qui Som - Mmegs Group","isPartOf":{"@id":"https:\/\/mmegsgroup.com\/ca\/#website"},"datePublished":"2022-06-14T13:47:40+00:00","dateModified":"2024-02-01T11:44:44+00:00","breadcrumb":{"@id":"https:\/\/mmegsgroup.com\/ca\/qui-som\/#breadcrumb"},"inLanguage":"ca","potentialAction":[{"@type":"ReadAction","target":["https:\/\/mmegsgroup.com\/ca\/qui-som\/"]}]},{"@type":"BreadcrumbList","@id":"https:\/\/mmegsgroup.com\/ca\/qui-som\/#breadcrumb","itemListElement":[{"@type":"ListItem","position":1,"name":"Portada","item":"https:\/\/mmegsgroup.com\/ca\/home\/"},{"@type":"ListItem","position":2,"name":"Qui Som"}]},{"@type":"WebSite","@id":"https:\/\/mmegsgroup.com\/ca\/#website","url":"https:\/\/mmegsgroup.com\/ca\/","name":"Mmegs Group","description":"Just another WordPress site","potentialAction":[{"@type":"SearchAction","target":{"@type":"EntryPoint","urlTemplate":"https:\/\/mmegsgroup.com\/ca\/?s={search_term_string}"},"query-input":{"@type":"PropertyValueSpecification","valueRequired":true,"valueName":"search_term_string"}}],"inLanguage":"ca"}]}},"_links":{"self":[{"href":"https:\/\/mmegsgroup.com\/ca\/wp-json\/wp\/v2\/pages\/1095","targetHints":{"allow":["GET"]}}],"collection":[{"href":"https:\/\/mmegsgroup.com\/ca\/wp-json\/wp\/v2\/pages"}],"about":[{"href":"https:\/\/mmegsgroup.com\/ca\/wp-json\/wp\/v2\/types\/page"}],"author":[{"embeddable":true,"href":"https:\/\/mmegsgroup.com\/ca\/wp-json\/wp\/v2\/users\/2"}],"replies":[{"embeddable":true,"href":"https:\/\/mmegsgroup.com\/ca\/wp-json\/wp\/v2\/comments?post=1095"}],"version-history":[{"count":0,"href":"https:\/\/mmegsgroup.com\/ca\/wp-json\/wp\/v2\/pages\/1095\/revisions"}],"wp:attachment":[{"href":"https:\/\/mmegsgroup.com\/ca\/wp-json\/wp\/v2\/media?parent=1095"}],"curies":[{"name":"wp","href":"https:\/\/api.w.org\/{rel}","templated":true}]}}