{"id":1098,"date":"2022-05-20T18:51:48","date_gmt":"2022-05-20T18:51:48","guid":{"rendered":"https:\/\/mmegsgroup.com\/?page_id=1098"},"modified":"2024-02-02T08:32:25","modified_gmt":"2024-02-02T08:32:25","slug":"privacy-policy","status":"publish","type":"page","link":"https:\/\/mmegsgroup.com\/ca\/privacy-policy\/","title":{"rendered":"Pol\u00edtica de Privadesa"},"content":{"rendered":"<h2 style=\"text-align: center;\">Pol\u00edtica de Privacidad <\/h2>\n<p><strong>PROTECCI\u00d3 DE DADES DE CAR\u00c0CTER PERSONAL<\/strong><\/p>\n<p>A trav\u00e9s de la present pol\u00edtica de privadesa <strong>MMEGS GROUP<\/strong> vol informar a totes les persones que naveguin i accedeixin al lloc web www.mmegsgropu.com sobre els tractaments de dades personals realitzades.<\/p>\n<p>L&#8217;acc\u00e9s al lloc web no requereix un registre previ. En qualsevol cas, l&#8217;Usuari amb la seva navegaci\u00f3 accepta \u00edntegrament aquesta pol\u00edtica de privadesa i pol\u00edtica de cookies.<\/p>\n<p>Abans d&#8217;enviar qualsevol sol\u00b7licitud d&#8217;informaci\u00f3 a trav\u00e9s del formulari de contacte d&#8217;aquesta p\u00e0gina web, l&#8217;usuari ha d&#8217;acceptar la pol\u00edtica de privadesa, per tal de prestar el consentiment expr\u00e9s i informat pel tractament de les dades amb les finalitats indicades.<\/p>\n<p>De conformitat amb el Reglament (UE) 2016\/679, de 27 d&#8217;abril de 2016, relatiu a la protecci\u00f3 de les persones f\u00edsiques pel que fa al tractament de dades personals ia la lliure circulaci\u00f3 d&#8217;aquestes dades i subsidi\u00e0riament en all\u00f2 no regulat , el Reial decret 1720\/2007, de 21 de desembre, pel qual saprova el Reglament de desplegament de la Llei org\u00e0nica 15\/1999, de 13 de desembre de Protecci\u00f3 de Dades de Car\u00e0cter Personal <strong>MMEGS GROUP<\/strong>:<\/p>\n<p><strong>Responsable de l&#8217;arxiu:<\/strong><\/p>\n<p>La societat <strong>MMEGS GROUP<\/strong><\/p>\n<p>XXXXXXX<\/p>\n<p>C\/ Alcalde Josep Abril, 29-31 \u00b7 08302 Matar\u00f3<\/p>\n<p><strong>Finalitat i conservaci\u00f3 de les dades:<\/strong> <strong>MMEGS GROUP<\/strong> tractar\u00e0 les dades dels Usuaris d&#8217;acord amb les finalitats seg\u00fcents:<\/p>\n<ol>\n<li>Gestionar l\u00fas de les funcionalitats posades a disposici\u00f3 a trav\u00e9s del Lloc Web. Les dades tractades a aquest efecte es conservaran mentre es mantingui la relaci\u00f3 contractual i\/o mercantil entre l&#8217;usuari i <strong>MMEGS GROUP.<\/strong> En cas que les sol\u00b7licituds efectuades per un usuari no mantinguin una relaci\u00f3 contractual, les dades es conservaran fins que s&#8217;hagi resolt aquesta sol\u00b7licitud.<\/li>\n<li>Donar curs a les sol\u00b7licituds d&#8217;ocupaci\u00f3 i gestionar els processos de selecci\u00f3. Les dades tractades per a aquest fi es conservaran com a m\u00e0xim durant 1 any des de la recepci\u00f3 o finalitzaci\u00f3 del proc\u00e9s de selecci\u00f3.<\/li>\n<li>Mantenir informats els usuaris mitjan\u00e7ant comunicacions comercials sobre serveis i novetats de <strong>MMEGS GROUP.<\/strong><\/li>\n<\/ol>\n<p>L&#8217;Usuari nom\u00e9s rebr\u00e0 aquestes comunicacions comercials en cas d&#8217;acceptaci\u00f3 i marcar\u00e0 la casella corresponent.<\/p>\n<p>Aquestes dades nom\u00e9s seran tractades fins al moment en qu\u00e8 l&#8217;Usuari retiri el consentiment o exerceixi el dret d&#8217;oposici\u00f3.<\/p>\n<p>Destinataris Les dades dels usuaris no se cediran a tercers a excepci\u00f3 d&#8217;obligaci\u00f3 legal.<\/p>\n<p><strong>Drets:<\/strong> En qualsevol moment l&#8217;Usuari podr\u00e0 exercir gratu\u00eftament els seus drets d&#8217;acc\u00e9s, rectificaci\u00f3, oposici\u00f3 i supressi\u00f3 les dades, aix\u00ed com els altres drets regulats al Reglament (UE) 679\/2016, \u00e9s a dir, el dret a la portabilitat i la limitaci\u00f3 del tractament , mitjan\u00e7ant escrit acompanyat de c\u00f2pia del DNI o document v\u00e0lid que us identifiqui en <strong>MMEGS GROUP<\/strong> al domicili C\/ Alcalde Josep Abril, 29-31 \u00b7 08302 Matar\u00f3 (Ref. Protecci\u00f3 de Dades), oa la seg\u00fcent adre\u00e7a de correu electr\u00f2nic info@mmegsgroup.com. <strong>MMEGS GROUP<\/strong> informa a l&#8217;Usuari que, si ho estima oport\u00fa, t\u00e9 dret a presentar una reclamaci\u00f3 davant de la corresponent autoritat de control.<\/p>\n<p>\u00c9s obligatori proporcionar tota la informaci\u00f3 sol\u00b7licitada a l&#8217;apartat de contacte?<\/p>\n<p>Pel que fa als formularis del Lloc Web, l&#8217;Usuari ha d&#8217;emplenar els marcats com a \u201crequerit\u201d. No completar les dades personals requerides o fer-ho parcialment pot suposar que <strong>MMEGS GROUP:<\/strong> no pugui atendre les vostres sol\u00b7licituds i, en conseq\u00fc\u00e8ncia<strong>, MMEGS GROUP<\/strong>: quedar\u00e0 exonerada de tota responsabilitat per la no prestaci\u00f3 o prestaci\u00f3 incompleta dels serveis sol\u00b7licitats.<\/p>\n<p>Les dades personals que l&#8217;usuari facilita a <strong>MMEGS GROUP:<\/strong> han de ser actuals perqu\u00e8 la informaci\u00f3 dels registres estigui actualitzada i sense errors. L&#8217;Usuari respondr\u00e0 de la veracitat de les dades facilitades.<\/p>\n<p><strong>Menors d&#8217;edat<\/strong><\/p>\n<p>Els menors de 14 anys no poden cedir les dades personals a <strong>MMEGS GROUP<\/strong> sense el consentiment dels seus pares i\/o tutors legals.<\/p>\n<p>En cas que <strong>MMEGS GROUP<\/strong> detect\u00e9s que l&#8217;Usuari fos menor de 14 anys es reserva el dret a sol\u00b7licitar c\u00f2pia del seu DNI o document d&#8217;identitat equivalent, o si escau, l&#8217;autoritzaci\u00f3 dels seus pares i\/o tutors legals, causant baixa en cas de no acreditar-ne el compliment d&#8217;aquest requisit o manca de resposta.<\/p>\n<p><strong>Quines mesures de seguretat t\u00e9 l&#8217;empresa implantada?<\/strong><\/p>\n<p><strong>MMEGS GROUP i<\/strong>nforma que el tractament que realitza de dades personals es fa en tot moment de conformitat amb la normativa aplicable en mat\u00e8ria de protecci\u00f3 de dades i serveis de la societat de la informaci\u00f3.<\/p>\n<p><strong>MMEGS GROUP<\/strong>t\u00e9 implantades les mesures de seguretat d&#8217;\u00edndole t\u00e8cnica i organitzatives necess\u00e0ries que garanteixin la seguretat de les dades de car\u00e0cter personal de l&#8217;Usuari i evitin la seva alteraci\u00f3, p\u00e8rdua, tractament i\/o acc\u00e9s no autoritzat d&#8217;acord amb l&#8217;estat de la tecnologia, la naturalesa de les dades emmagatzemades i els riscos a qu\u00e8 estan exposats, ja provinguin de l&#8217;acci\u00f3 humana o del medi f\u00edsic o natural, de conformitat amb all\u00f2 que preveu la normativa vigent.<\/p>\n<p><strong>Xarxes socials<\/strong><\/p>\n<p><strong>MMEGS GROUP<\/strong> disposa de perfils a les xarxes socials per tal de publicar i difondre informaci\u00f3 sobre els serveis prestats a trav\u00e9s de la p\u00e0gina web, interactuar amb els usuaris i oferir el canal d&#8217;atenci\u00f3 i interacci\u00f3 social.<\/p>\n<p>A continuaci\u00f3 se citen les xarxes socials on <strong>MMEGS GROUP<\/strong> t\u00e9 perfil obert amb el nom comercial <strong>MMEGS GROUP<\/strong> s\u00f3n:<\/p>\n<ul>\n<li>Facebook<\/li>\n<li>Youtube<\/li>\n<li>Instagram<\/li>\n<\/ul>\n","protected":false},"excerpt":{"rendered":"<p>Pol\u00edtica de Privacidad PROTECCI\u00d3 DE DADES DE CAR\u00c0CTER PERSONAL A trav\u00e9s de la present pol\u00edtica de privadesa MMEGS GROUP vol informar a totes les persones que naveguin i accedeixin al lloc web www.mmegsgropu.com sobre els tractaments de dades personals realitzades. L&#8217;acc\u00e9s al lloc web no requereix un registre previ. En qualsevol cas, l&#8217;Usuari amb la [&hellip;]<\/p>\n","protected":false},"author":1,"featured_media":0,"parent":0,"menu_order":0,"comment_status":"closed","ping_status":"closed","template":"","meta":{"footnotes":""},"class_list":["post-1098","page","type-page","status-publish","hentry"],"yoast_head":"<!-- This site is optimized with the Yoast SEO plugin v27.6 - https:\/\/yoast.com\/product\/yoast-seo-wordpress\/ -->\n<title>Pol\u00edtica de Privadesa - Mmegs Group<\/title>\n<meta name=\"robots\" content=\"index, follow, max-snippet:-1, max-image-preview:large, max-video-preview:-1\" \/>\n<link rel=\"canonical\" href=\"https:\/\/mmegsgroup.com\/ca\/privacy-policy\/\" \/>\n<meta property=\"og:locale\" content=\"ca_ES\" \/>\n<meta property=\"og:type\" content=\"article\" \/>\n<meta property=\"og:title\" content=\"Pol\u00edtica de Privadesa - Mmegs Group\" \/>\n<meta property=\"og:description\" content=\"Pol\u00edtica de Privacidad PROTECCI\u00d3 DE DADES DE CAR\u00c0CTER PERSONAL A trav\u00e9s de la present pol\u00edtica de privadesa MMEGS GROUP vol informar a totes les persones que naveguin i accedeixin al lloc web www.mmegsgropu.com sobre els tractaments de dades personals realitzades. L&#8217;acc\u00e9s al lloc web no requereix un registre previ. En qualsevol cas, l&#8217;Usuari amb la [&hellip;]\" \/>\n<meta property=\"og:url\" content=\"https:\/\/mmegsgroup.com\/ca\/privacy-policy\/\" \/>\n<meta property=\"og:site_name\" content=\"Mmegs Group\" \/>\n<meta property=\"article:modified_time\" content=\"2024-02-02T08:32:25+00:00\" \/>\n<meta name=\"twitter:card\" content=\"summary_large_image\" \/>\n<meta name=\"twitter:label1\" content=\"Temps estimat de lectura\" \/>\n\t<meta name=\"twitter:data1\" content=\"4 minuts\" \/>\n<script type=\"application\/ld+json\" class=\"yoast-schema-graph\">{\"@context\":\"https:\\\/\\\/schema.org\",\"@graph\":[{\"@type\":\"WebPage\",\"@id\":\"https:\\\/\\\/mmegsgroup.com\\\/ca\\\/privacy-policy\\\/\",\"url\":\"https:\\\/\\\/mmegsgroup.com\\\/ca\\\/privacy-policy\\\/\",\"name\":\"Pol\u00edtica de Privadesa - Mmegs Group\",\"isPartOf\":{\"@id\":\"https:\\\/\\\/mmegsgroup.com\\\/ca\\\/#website\"},\"datePublished\":\"2022-05-20T18:51:48+00:00\",\"dateModified\":\"2024-02-02T08:32:25+00:00\",\"breadcrumb\":{\"@id\":\"https:\\\/\\\/mmegsgroup.com\\\/ca\\\/privacy-policy\\\/#breadcrumb\"},\"inLanguage\":\"ca\",\"potentialAction\":[{\"@type\":\"ReadAction\",\"target\":[\"https:\\\/\\\/mmegsgroup.com\\\/ca\\\/privacy-policy\\\/\"]}]},{\"@type\":\"BreadcrumbList\",\"@id\":\"https:\\\/\\\/mmegsgroup.com\\\/ca\\\/privacy-policy\\\/#breadcrumb\",\"itemListElement\":[{\"@type\":\"ListItem\",\"position\":1,\"name\":\"Portada\",\"item\":\"https:\\\/\\\/mmegsgroup.com\\\/ca\\\/home\\\/\"},{\"@type\":\"ListItem\",\"position\":2,\"name\":\"Pol\u00edtica de Privadesa\"}]},{\"@type\":\"WebSite\",\"@id\":\"https:\\\/\\\/mmegsgroup.com\\\/ca\\\/#website\",\"url\":\"https:\\\/\\\/mmegsgroup.com\\\/ca\\\/\",\"name\":\"Mmegs Group\",\"description\":\"Just another WordPress site\",\"potentialAction\":[{\"@type\":\"SearchAction\",\"target\":{\"@type\":\"EntryPoint\",\"urlTemplate\":\"https:\\\/\\\/mmegsgroup.com\\\/ca\\\/?s={search_term_string}\"},\"query-input\":{\"@type\":\"PropertyValueSpecification\",\"valueRequired\":true,\"valueName\":\"search_term_string\"}}],\"inLanguage\":\"ca\"}]}<\/script>\n<!-- \/ Yoast SEO plugin. -->","yoast_head_json":{"title":"Pol\u00edtica de Privadesa - Mmegs Group","robots":{"index":"index","follow":"follow","max-snippet":"max-snippet:-1","max-image-preview":"max-image-preview:large","max-video-preview":"max-video-preview:-1"},"canonical":"https:\/\/mmegsgroup.com\/ca\/privacy-policy\/","og_locale":"ca_ES","og_type":"article","og_title":"Pol\u00edtica de Privadesa - Mmegs Group","og_description":"Pol\u00edtica de Privacidad PROTECCI\u00d3 DE DADES DE CAR\u00c0CTER PERSONAL A trav\u00e9s de la present pol\u00edtica de privadesa MMEGS GROUP vol informar a totes les persones que naveguin i accedeixin al lloc web www.mmegsgropu.com sobre els tractaments de dades personals realitzades. L&#8217;acc\u00e9s al lloc web no requereix un registre previ. En qualsevol cas, l&#8217;Usuari amb la [&hellip;]","og_url":"https:\/\/mmegsgroup.com\/ca\/privacy-policy\/","og_site_name":"Mmegs Group","article_modified_time":"2024-02-02T08:32:25+00:00","twitter_card":"summary_large_image","twitter_misc":{"Temps estimat de lectura":"4 minuts"},"schema":{"@context":"https:\/\/schema.org","@graph":[{"@type":"WebPage","@id":"https:\/\/mmegsgroup.com\/ca\/privacy-policy\/","url":"https:\/\/mmegsgroup.com\/ca\/privacy-policy\/","name":"Pol\u00edtica de Privadesa - Mmegs Group","isPartOf":{"@id":"https:\/\/mmegsgroup.com\/ca\/#website"},"datePublished":"2022-05-20T18:51:48+00:00","dateModified":"2024-02-02T08:32:25+00:00","breadcrumb":{"@id":"https:\/\/mmegsgroup.com\/ca\/privacy-policy\/#breadcrumb"},"inLanguage":"ca","potentialAction":[{"@type":"ReadAction","target":["https:\/\/mmegsgroup.com\/ca\/privacy-policy\/"]}]},{"@type":"BreadcrumbList","@id":"https:\/\/mmegsgroup.com\/ca\/privacy-policy\/#breadcrumb","itemListElement":[{"@type":"ListItem","position":1,"name":"Portada","item":"https:\/\/mmegsgroup.com\/ca\/home\/"},{"@type":"ListItem","position":2,"name":"Pol\u00edtica de Privadesa"}]},{"@type":"WebSite","@id":"https:\/\/mmegsgroup.com\/ca\/#website","url":"https:\/\/mmegsgroup.com\/ca\/","name":"Mmegs Group","description":"Just another WordPress site","potentialAction":[{"@type":"SearchAction","target":{"@type":"EntryPoint","urlTemplate":"https:\/\/mmegsgroup.com\/ca\/?s={search_term_string}"},"query-input":{"@type":"PropertyValueSpecification","valueRequired":true,"valueName":"search_term_string"}}],"inLanguage":"ca"}]}},"_links":{"self":[{"href":"https:\/\/mmegsgroup.com\/ca\/wp-json\/wp\/v2\/pages\/1098","targetHints":{"allow":["GET"]}}],"collection":[{"href":"https:\/\/mmegsgroup.com\/ca\/wp-json\/wp\/v2\/pages"}],"about":[{"href":"https:\/\/mmegsgroup.com\/ca\/wp-json\/wp\/v2\/types\/page"}],"author":[{"embeddable":true,"href":"https:\/\/mmegsgroup.com\/ca\/wp-json\/wp\/v2\/users\/1"}],"replies":[{"embeddable":true,"href":"https:\/\/mmegsgroup.com\/ca\/wp-json\/wp\/v2\/comments?post=1098"}],"version-history":[{"count":0,"href":"https:\/\/mmegsgroup.com\/ca\/wp-json\/wp\/v2\/pages\/1098\/revisions"}],"wp:attachment":[{"href":"https:\/\/mmegsgroup.com\/ca\/wp-json\/wp\/v2\/media?parent=1098"}],"curies":[{"name":"wp","href":"https:\/\/api.w.org\/{rel}","templated":true}]}}